{"id":293,"date":"2016-01-26T23:45:24","date_gmt":"2016-01-26T23:45:24","guid":{"rendered":"http:\/\/www.ad-particles.com\/es\/?page_id=293"},"modified":"2021-04-15T17:28:42","modified_gmt":"2021-04-15T17:28:42","slug":"politica-de-cookies","status":"publish","type":"page","link":"http:\/\/www.ad-particles.com\/es\/politica-de-cookies\/","title":{"rendered":"Pol\u00edtica de cookies"},"content":{"rendered":"\t\t<div data-elementor-type=\"wp-page\" data-elementor-id=\"293\" class=\"elementor elementor-293\">\n\t\t\t\t\t\t<div class=\"elementor-inner\">\n\t\t\t\t<div class=\"elementor-section-wrap\">\n\t\t\t\t\t\t\t\t\t<section class=\"elementor-section elementor-top-section elementor-element elementor-element-48325914 elementor-section-boxed elementor-section-height-default elementor-section-height-default\" data-id=\"48325914\" data-element_type=\"section\">\n\t\t\t\t\t\t<div class=\"elementor-container elementor-column-gap-default\">\n\t\t\t\t\t\t\t<div class=\"elementor-row\">\n\t\t\t\t\t<div class=\"elementor-column elementor-col-100 elementor-top-column elementor-element elementor-element-1b78aa67\" data-id=\"1b78aa67\" data-element_type=\"column\">\n\t\t\t<div class=\"elementor-column-wrap elementor-element-populated\">\n\t\t\t\t\t\t\t<div class=\"elementor-widget-wrap\">\n\t\t\t\t\t\t<div class=\"elementor-element elementor-element-97ca2c3 elementor-widget elementor-widget-text-editor\" data-id=\"97ca2c3\" data-element_type=\"widget\" data-widget_type=\"text-editor.default\">\n\t\t\t\t<div class=\"elementor-widget-container\">\n\t\t\t\t\t\t\t\t<div class=\"elementor-text-editor elementor-clearfix\">\n\t\t\t\t<h3 align=\"center\">INFORMACI\u00d3N SOBRE COOKIES<\/h3><p class=\"oneComWebmail-left\">Debido a la entrada en vigor de la referente modificaci\u00f3n de la \u201cLey de Servicios de la Sociedad de la Informaci\u00f3n\u201d (LSSICE) establecida por el Real Decreto 13\/2012, es de obligaci\u00f3n obtener el consentimiento expreso del usuario de todas las p\u00e1ginas web que usan cookies prescindibles, antes de que \u00e9ste navegue por ellas.<\/p><h3 align=\"center\">\u00bfQU\u00c9 SON LAS COOKIES?<\/h3><p class=\"oneComWebmail-left\">Las cookies y otras tecnolog\u00edas similares tales como local shared objects, flash cookies o p\u00edxeles, son herramientas empleadas por los servidores Web para almacenar y recuperar informaci\u00f3n acerca de sus visitantes, as\u00ed como para ofrecer un correcto funcionamiento del sitio.<\/p><p align=\"center\">\u00a0<\/p><p class=\"oneComWebmail-left\">Mediante el uso de estos dispositivos se permite al servidor Web recordar algunos datos concernientes al usuario, como sus preferencias para la visualizaci\u00f3n de las p\u00e1ginas de ese servidor, nombre y contrase\u00f1a, productos que m\u00e1s le interesan, etc.<\/p><p align=\"center\">\u00a0<\/p><h3 align=\"center\">COOKIES AFECTADAS POR LA NORMATIVA Y COOKIES EXCEPTUADAS<\/h3><p class=\"oneComWebmail-left\">Seg\u00fan la directiva de la UE, las cookies que requieren el consentimiento informado por parte del usuario son las cookies de anal\u00edtica y las de publicidad y afiliaci\u00f3n, quedando exceptuadas las de car\u00e1cter t\u00e9cnico y las necesarias para el funcionamiento del sitio web o la prestaci\u00f3n de servicios expresamente solicitados por el usuario.<\/p><p align=\"center\">\u00a0<\/p><h3 align=\"center\">\u00bfQU\u00c9 TIPOS DE COOKIES EXISTEN?<\/h3><p class=\"oneComWebmail-negrita\">SEG\u00daN LA FINALIDAD:<\/p><p>\u00a0<\/p><p><span class=\"oneComWebmail-negrita1\">\u2022 Cookies t\u00e9cnicas y funcionales:<\/span>\u00a0son aquellas que permiten al usuario la navegaci\u00f3n a trav\u00e9s de una p\u00e1gina web, plataforma o aplicaci\u00f3n y la utilizaci\u00f3n de las diferentes opciones o servicios que en ella existan.<\/p><p><span class=\"oneComWebmail-negrita1\">\u2022 Cookies anal\u00edticas:<\/span>\u00a0son aquellas que permiten al responsable de las mismas el seguimiento y an\u00e1lisis del comportamiento de los usuarios de los sitios web a los que est\u00e1n vinculadas. La informaci\u00f3n recogida mediante este tipo de cookies se utiliza en la medici\u00f3n de la actividad de los sitios web, aplicaci\u00f3n o plataforma y para la elaboraci\u00f3n de perfiles de navegaci\u00f3n de los usuarios de dichos sitios, aplicaciones y plataformas, con el fin de introducir mejoras en funci\u00f3n del an\u00e1lisis de los datos de uso que hacen los usuarios del servicio.<\/p><p><span class=\"oneComWebmail-negrita1\">\u2022 Cookies publicitarias:<\/span>\u00a0son aquellas que permiten la gesti\u00f3n, de la forma m\u00e1s eficaz posible, de los espacios publicitarios que, en su caso, el editor haya incluido en una p\u00e1gina web, aplicaci\u00f3n o plataforma desde la que presta el servicio solicitado en base a criterios como el contenido editado o la frecuencia en la que se muestran los anuncios.<\/p><p><span class=\"oneComWebmail-negrita1\">\u2022 Cookies de publicidad comportamental:<\/span>\u00a0recogen informaci\u00f3n sobre las preferencias y elecciones personales del usuario (retargeting) para permitir la gesti\u00f3n, de la forma m\u00e1s eficaz posible, de los espacios publicitarios que, en su caso, el editor haya incluido en una p\u00e1gina web, aplicaci\u00f3n o plataforma desde la que presta el servicio solicitado.<\/p><p><span class=\"oneComWebmail-negrita1\">\u2022 Cookies sociales:<\/span>\u00a0son establecidas por las plataformas de redes sociales en los servicios para permitirle compartir contenido con sus amigos y redes. Las plataformas de medios sociales tienen la capacidad de rastrear su actividad en l\u00ednea fuera de los Servicios. Esto puede afectar al contenido y los mensajes que ve en otros servicios que visita.<\/p><p><span class=\"oneComWebmail-negrita1\">\u2022 Cookies de afiliados:<\/span>\u00a0permiten hacer un seguimiento de las visitas procedentes de otras webs, con las que el sitio web establece un contrato de afiliaci\u00f3n (empresas de afiliaci\u00f3n).<\/p><p><span class=\"oneComWebmail-negrita1\">\u2022 Cookies de seguridad:<\/span>\u00a0almacenan informaci\u00f3n cifrada para evitar que los datos guardados en ellas sean vulnerables a ataques maliciosos de terceros.<\/p><p>\u00a0<\/p><p class=\"oneComWebmail-negrita\">SEG\u00daN LA FINALIDAD:<\/p><p>\u00a0<\/p><p><span class=\"oneComWebmail-negrita1\">\u2022 Cookies propias:<\/span>\u00a0son aquellas que se env\u00edan al equipo terminal del usuario desde un equipo o dominio gestionado por el propio editor y desde el que se presta el servicio solicitado por el usuario.<\/p><p><span class=\"oneComWebmail-negrita1\">\u2022 Cookies de terceros:<\/span>\u00a0son aquellas que se env\u00edan al equipo terminal del usuario desde un equipo o dominio que no es gestionado por el editor, sino por otra entidad que trata los datos obtenidos trav\u00e9s de las cookies.<\/p><p>\u00a0<\/p><p class=\"oneComWebmail-negrita\">SEG\u00daN EL PLAZO DE CONSERVACI\u00d3N<\/p><p>\u00a0<\/p><p><span class=\"oneComWebmail-negrita1\">\u2022 Cookies de sesi\u00f3n:<\/span>\u00a0son un tipo de cookies dise\u00f1adas para recabar y almacenar datos mientras el usuario accede a una p\u00e1gina web.<\/p><p><span class=\"oneComWebmail-negrita1\">\u2022 Cookies persistentes:<\/span>\u00a0son un tipo de cookies en el que los datos siguen almacenados en el terminal y pueden ser accedidos y tratados durante un per\u00edodo definido por el responsable de la cookie, y que puede ir de unos minutos a varios a\u00f1os.<\/p><p>\u00a0<\/p><h3 align=\"center\">COOKIES QUE SE UTILIZAN EN ESTE SITIO WEB<\/h3><p>\u00a0<\/p><p>\u2022 PHPSESSID: cookie t\u00e9cnica y estrictamente necesaria que contiene el identificador de la sesi\u00f3n. Se elimina al cerrar el navegador.<\/p><p>\u2022 _lang: cookie t\u00e9cnica y estrictamente necesaria que contiene el idioma de la sesi\u00f3n. Se elimina al cerrar el navegador.<\/p><p>\u2022 ac_cookies: cookie t\u00e9cnica y estrictamente necesaria que contiene el valor de si se ha aceptado la instalaci\u00f3n de cookies. Caduca en 1 a\u00f1o desde la \u00faltima actualizaci\u00f3n.<\/p><p>\u2022 _utma: cookie de Google Analytics que registra la fecha de la primera y \u00faltima vez que el usuario visti\u00f3 el sitio web. Caduca a los 2 a\u00f1os desde la \u00faltima actualizaci\u00f3n.<\/p><p>\u2022 _utmb: cookie de Google Analytics que registra la hora de llegada a la p\u00e1gina web. Caduca a los 30 minutos desde la \u00faltima actualizaci\u00f3n.<\/p><p>\u2022 _utmc: cookie de Google Analytics utilizada para la interoperabilidad con el c\u00f3digo de seguimiento urchin.js. Se elimina al cerrar el navegador.<\/p><p><span lang=\"EN-US\">\u2022 _utmt: cookie de Google Analytics.\u00a0<\/span>Esta cookie se utiliza para procesar el tipo de solicitud pedida por el usuario. Caduca al finalizar la sesi\u00f3n.<\/p><p>\u2022 _utmv: cookie de Google Analytics. Esta cookie se utiliza para segmentar datos demogr\u00e1ficos. Caduca al finalizar la sesi\u00f3n.<\/p><p>\u2022 _utmz: cookie de Google Analytics que almacena la fuente de tr\u00e1fico o una campa\u00f1a para explicar c\u00f3mo el usuario lleg\u00f3 al sitio web. Caduca a los 6 meses desde la \u00faltima actualizaci\u00f3n.<\/p><p>\u00a0<\/p><p align=\"center\">\u00a0<\/p><div align=\"center\"><table class=\"oneComWebmail-MsoNormalTable\" border=\"1\" cellspacing=\"0\" cellpadding=\"0\"><tbody><tr><td colspan=\"2\"><p align=\"center\"><b>C\u00d3MO GESTIONAR LAS COOKIES DESDE EL NAVEGADOR<\/b><\/p><\/td><\/tr><tr><td width=\"35%\"><p class=\"oneComWebmail-negrita\">Eliminar las cookies del dispositivo<\/p><\/td><td><p>Las cookies que ya est\u00e1n en un dispositivo se pueden eliminar borrando el historial del navegador, con lo que se suprimen las cookies de todos los sitios web visitados.<\/p><p>Sin embargo, tambi\u00e9n se puede perder parte de la informaci\u00f3n guardada (por ejemplo, los datos de inicio de sesi\u00f3n o las preferencias de sitio web).<\/p><\/td><\/tr><tr><td><p class=\"oneComWebmail-negrita\">Gestionar las cookies espec\u00edficas del sitio<\/p><\/td><td><p>Para tener un control m\u00e1s preciso de las cookies espec\u00edficas de cada sitio, los usuarios pueden ajustar su configuraci\u00f3n de privacidad y cookies en el navegador.<\/p><\/td><\/tr><tr><td><p class=\"oneComWebmail-negrita\">Bloquear las cookies<\/p><\/td><td><p>Aunque la mayor\u00eda de los navegadores modernos se pueden configurar para evitar que se instalen cookies en los dispositivos, eso puede obligar al ajuste manual de determinadas preferencias cada vez que se visite un sitio o p\u00e1gina. Adem\u00e1s, algunos servicios y caracter\u00edsticas pueden no funcionar correctamente (por ejemplo, los inicios de sesi\u00f3n con perfil).<\/p><\/td><\/tr><tr><td colspan=\"2\"><p align=\"center\"><b>C\u00d3MO ELIMINAR LAS COOKIES DE LOS NAVEGADORES M\u00c1S COMUNES<\/b><\/p><\/td><\/tr><tr><td><p class=\"oneComWebmail-negrita\">Chrome<\/p><\/td><td><p><a href=\"http:\/\/support.google.com\/chrome\/answer\/95647?hl=es\" target=\"_blank\" rel=\"noopener\">http:\/\/support.google.com\/chrome\/answer\/95647?hl=es<\/a><\/p><\/td><\/tr><tr><td><p class=\"oneComWebmail-negrita\">Internet Explorer. Versi\u00f3n 11<\/p><\/td><td><p><a href=\"https:\/\/support.microsoft.com\/es-es\/help\/278835\/how-to-delete-cookie-files-in-internet-explorer\" target=\"_blank\" rel=\"noopener\">https:\/\/support.microsoft.com\/es-es\/help\/278835\/how-to-delete-cookie-files-in-internet-explorer<\/a><\/p><\/td><\/tr><tr><td><p class=\"oneComWebmail-negrita\">Firefox. Versi\u00f3n 65.0.1<\/p><\/td><td><p><a href=\"https:\/\/www.mozilla.org\/es-ES\/privacy\/websites\/#cookies\" target=\"_blank\" rel=\"noopener\">https:\/\/www.mozilla.org\/es-ES\/privacy\/websites\/#cookies<\/a><\/p><\/td><\/tr><tr><td><p class=\"oneComWebmail-negrita\">Safari Versi\u00f3n 5.1<\/p><\/td><td><p><a href=\"http:\/\/adpcosmetics.com\/ES\/Safari%20Versi%C3%B3n%205.1https:\/support.apple.com\/es-es\/guide\/safari\/sfri11471\/mac\" target=\"_blank\" rel=\"noopener\">Safari Versi\u00f3n 5.1 https:\/\/support.apple.com\/es-es\/guide\/safari\/sfri11471\/mac<\/a><\/p><\/td><\/tr><tr><td><p class=\"oneComWebmail-negrita\">Opera<\/p><\/td><td><p><a href=\"operahttps:\/\/help.opera.com\/en\/latest\/security-and-privacy\/#clearBrowsingData\" target=\"_blank\" rel=\"noopener\">Opera https:\/\/help.opera.com\/en\/latest\/security-and-privacy\/#clearBrowsingData<\/a><\/p><\/td><\/tr><\/tbody><\/table><\/div>\t\t\t\t\t<\/div>\n\t\t\t\t\t\t<\/div>\n\t\t\t\t<\/div>\n\t\t\t\t\t\t<\/div>\n\t\t\t\t\t<\/div>\n\t\t<\/div>\n\t\t\t\t\t\t\t\t<\/div>\n\t\t\t\t\t<\/div>\n\t\t<\/section>\n\t\t\t\t\t\t\t\t\t<\/div>\n\t\t\t<\/div>\n\t\t\t\t\t<\/div>\n\t\t","protected":false},"excerpt":{"rendered":"<p>INFORMACI\u00d3N SOBRE COOKIES Debido a la entrada en vigor de la referente modificaci\u00f3n de la \u201cLey de Servicios de la Sociedad de la Informaci\u00f3n\u201d (LSSICE) establecida por el Real Decreto 13\/2012, es de obligaci\u00f3n obtener el consentimiento expreso del usuario de todas las p\u00e1ginas web que usan cookies prescindibles, antes de que \u00e9ste navegue por &hellip; <a href=\"http:\/\/www.ad-particles.com\/es\/politica-de-cookies\/\" class=\"more-link\">Continue reading<span class=\"screen-reader-text\"> &#8220;Pol\u00edtica de cookies&#8221;<\/span><\/a><\/p>\n","protected":false},"author":2,"featured_media":0,"parent":0,"menu_order":20,"comment_status":"closed","ping_status":"closed","template":"cookies-policy.php","meta":{"_mi_skip_tracking":false},"_links":{"self":[{"href":"http:\/\/www.ad-particles.com\/es\/wp-json\/wp\/v2\/pages\/293"}],"collection":[{"href":"http:\/\/www.ad-particles.com\/es\/wp-json\/wp\/v2\/pages"}],"about":[{"href":"http:\/\/www.ad-particles.com\/es\/wp-json\/wp\/v2\/types\/page"}],"author":[{"embeddable":true,"href":"http:\/\/www.ad-particles.com\/es\/wp-json\/wp\/v2\/users\/2"}],"replies":[{"embeddable":true,"href":"http:\/\/www.ad-particles.com\/es\/wp-json\/wp\/v2\/comments?post=293"}],"version-history":[{"count":5,"href":"http:\/\/www.ad-particles.com\/es\/wp-json\/wp\/v2\/pages\/293\/revisions"}],"predecessor-version":[{"id":528,"href":"http:\/\/www.ad-particles.com\/es\/wp-json\/wp\/v2\/pages\/293\/revisions\/528"}],"wp:attachment":[{"href":"http:\/\/www.ad-particles.com\/es\/wp-json\/wp\/v2\/media?parent=293"}],"curies":[{"name":"wp","href":"https:\/\/api.w.org\/{rel}","templated":true}]}}